{"id":714,"date":"2018-12-21T04:00:33","date_gmt":"2018-12-21T04:00:33","guid":{"rendered":"http:\/\/www.grupomedicobpro.com.ve\/sitio\/?page_id=714"},"modified":"2019-06-12T02:54:55","modified_gmt":"2019-06-12T06:54:55","slug":"imagenologia","status":"publish","type":"page","link":"http:\/\/www.grupomedicobpro.com.ve\/sitio\/imagenologia\/","title":{"rendered":"Imagenolog\u00eda"},"content":{"rendered":"<p>[vc_row][vc_column width=\u00bb1\/2&#8243;]<div id=\"cz_83290\" class=\"cz_83290 cz_title clr cz_title_pos_inline\"><div class=\"cz_title_content\"><div class=\"cz_wpe_content\"><p style=\"text-align: left;\"><span style=\"font-family: inherit; font-size: 32px;\"><span style=\"font-weight: 900; color: #96cbed;\">Imagenolog\u00eda <\/span><\/span><\/p>\n<\/div><span class=\"cz_line_side_solo cz_line_side_after\">_<\/span><\/div><\/div><div id=\"cz_14316\" class=\"cz_14316 cz_title clr cz_title_pos_inline\"><div class=\"cz_title_content\"><div class=\"cz_wpe_content\"><p>Ofrecemos toda la gama de estudios para el diagnostico de enfermedades.<\/p>\n<\/div><\/div><\/div><div class=\"cz_gap clr \" style=\"height: 15px\"><\/div><div id=\"cz_48870\" class=\"cz_48870 cz_title clr cz_title_pos_inline\"><div class=\"cz_title_content\"><div class=\"cz_wpe_content\"><p style=\"text-align: left;\"><span style=\"font-family: inherit; font-size: 22px;\"><span style=\"font-weight: 500; color: #96cbed;\">Realizamos evaluaciones: <\/span><\/span><\/p>\n<\/div><\/div><\/div><ul id=\"cz_70299\" class=\"cz_70299 cz_stylish_list clr cz_sl_icon_hover_none\"><li class=\"clr\"><div class=\"cz_sl_icon\"><i class=\"fa fa-chevron-right mr10\"><\/i><\/div><div><span>Tomograf\u00eda<\/span><\/div><\/li><li class=\"clr\"><div class=\"cz_sl_icon\"><i class=\"fa fa-chevron-right mr10\"><\/i><\/div><div><span>Radiolog\u00eda<\/span><\/div><\/li><li class=\"clr\"><div class=\"cz_sl_icon\"><i class=\"fa fa-chevron-right mr10\"><\/i><\/div><div><span>Ecograf\u00eda<\/span><\/div><\/li><li class=\"clr\"><div class=\"cz_sl_icon\"><i class=\"fa fa-chevron-right mr10\"><\/i><\/div><div><span>Mamograf\u00eda<\/span><\/div><\/li><li class=\"clr\"><div class=\"cz_sl_icon\"><i class=\"fa fa-chevron-right mr10\"><\/i><\/div><div><span>Densitometr\u00eda \u00d3sea<\/span><\/div><\/li><li class=\"clr\"><div class=\"cz_sl_icon\"><i class=\"fa fa-chevron-right mr10\"><\/i><\/div><div><span>Resonancia Magn\u00e9tica<\/span><\/div><\/li><li class=\"clr\"><div class=\"cz_sl_icon\"><i class=\"fa fa-chevron-right mr10\"><\/i><\/div><div><span>Endoscopia y Colonoscopia<\/span><\/div><\/li><\/ul><div class=\"cz_gap clr \" style=\"height: 25px\"><\/div><div id=\"cz_48380\" class=\"cz_48380 cz_title clr cz_title_pos_inline\"><div class=\"cz_title_content\"><div class=\"cz_wpe_content\"><p style=\"text-align: left;\"><span style=\"font-family: inherit; font-size: 22px;\"><span style=\"font-weight: 500; color: #96cbed;\">Valor Agregado <\/span><\/span><\/p>\n<\/div><\/div><\/div><div id=\"cz_41021\" class=\"cz_41021 cz_title clr cz_title_pos_inline\"><div class=\"cz_title_content\"><div class=\"cz_wpe_content\"><p>Como valor agregado de nuestro servicio le ofrecemos un (01) medico que estar\u00eda dos d\u00edas a la semana en el centro de mayor concentraci\u00f3n de empleados\/Trabajadores por un peri\u00f3dico de durante un mes, esto con el fin de establecer una confianza mutua entre las dos empresas.<\/p>\n<\/div><\/div><\/div><div class=\"cz_gap clr \" style=\"height: 30px\"><\/div>[\/vc_column][vc_column width=\u00bb1\/2&#8243;]<div class=\"cz_eqh cz_content_box_parent_fx  \"><div id=\"cz_55267\" class=\"cz_55267 cz_content_box clr fx_flip_v cz_box_back_pos_mc cz_box_backed\"><div class=\"cz_box_front clr\"><div class=\"cz_box_front_inner clr \"><span><\/span><div><div id=\"cz_67537\" class=\"cz_67537 cz_title clr cz_title_pos_inline\"><div class=\"cz_title_content\"><div class=\"cz_wpe_content\"><\/div><\/div><\/div><\/div><\/div><\/div><div class=\"cz_box_back clr\">\n\t\t\t\t<div class=\"cz_box_back_inner clr\">\n\t\t\t\t\t<div>\n\t\t\t\t\t\t<div class=\"cz_box_back_inner_position\">\n\t\t\t\t\t\t\t<div class=\"cz_box_back_title\"><\/div>\n\t\t\t\t\t\t\t<div class=\"cz_box_back_content\">Ofrecemos toda la gama de estudios para el diagnostico de enfermedades.<\/div>\n\t\t\t\t\t\t\t<a class=\"cz_box_back_btn\" href=\"#cz_popup_4\">Solicitar Servicio<\/a>\n\t\t\t\t\t\t<\/div>\n\t\t\t\t\t<\/div>\n\t\t\t\t<\/div>\n\t\t\t<\/div><\/div><\/div><div id=\"cz_35628\" class=\"cz_35628\"><div id=\"cz_popup_4\" class=\"cz_popup_modal clr\"><div class=\"cz_popup_in\"><div><div id=\"cz_66574\" class=\"cz_66574 cz_title clr cz_title_pos_inline\"><div class=\"cz_title_content\"><div class=\"cz_wpe_content\"><p style=\"text-align: left;\"><span style=\"font-family: inherit; font-size: 28px;\"><span style=\"font-weight: 900; color: #96cbed;\">Imagenolog\u00eda <\/span><\/span><\/p>\n<p style=\"text-align: left;\"><span style=\"font-family: inherit; font-size: 18px;\"><span style=\"font-weight: 500; color: #96cbed;\">Solicita el estudio <\/span><\/span><\/p>\n<\/div><span class=\"cz_line_side_solo cz_line_side_after\">_<\/span><\/div><\/div><div id=\"cz_35312\" class=\"cz_35312 cz_cf7 clr\"><div>\n<div class=\"wpcf7 no-js\" id=\"wpcf7-f764-o1\" lang=\"en-US\" dir=\"ltr\" data-wpcf7-id=\"764\">\n<div class=\"screen-reader-response\"><p role=\"status\" aria-live=\"polite\" aria-atomic=\"true\"><\/p> <ul><\/ul><\/div>\n<form action=\"\/sitio\/wp-json\/wp\/v2\/pages\/714#wpcf7-f764-o1\" method=\"post\" class=\"wpcf7-form init\" aria-label=\"Contact form\" novalidate=\"novalidate\" data-status=\"init\">\n<fieldset class=\"hidden-fields-container\"><input type=\"hidden\" name=\"_wpcf7\" value=\"764\" \/><input type=\"hidden\" name=\"_wpcf7_version\" value=\"6.1.5\" \/><input type=\"hidden\" name=\"_wpcf7_locale\" value=\"en_US\" \/><input type=\"hidden\" name=\"_wpcf7_unit_tag\" value=\"wpcf7-f764-o1\" \/><input type=\"hidden\" name=\"_wpcf7_container_post\" value=\"0\" \/><input type=\"hidden\" name=\"_wpcf7_posted_data_hash\" value=\"\" \/><input type=\"hidden\" name=\"_wpcf7_recaptcha_response\" value=\"\" \/>\n<\/fieldset>\n<p><span class=\"wpcf7-form-control-wrap\" data-name=\"tipo-examen\"><select class=\"wpcf7-form-control wpcf7-select\" aria-invalid=\"false\" name=\"tipo-examen\"><option value=\"\">&#8212;Please choose an option&#8212;<\/option><option value=\"Tomograf\u00eda\">Tomograf\u00eda<\/option><option value=\"Radiolog\u00eda\">Radiolog\u00eda<\/option><option value=\"Ecograf\u00eda\">Ecograf\u00eda<\/option><option value=\"Mamograf\u00eda\">Mamograf\u00eda<\/option><option value=\"Densitometr\u00eda \u00d3sea\">Densitometr\u00eda \u00d3sea<\/option><option value=\"Resonancia Magn\u00e9tica\">Resonancia Magn\u00e9tica<\/option><option value=\"Endoscopia y Colonoscopia\">Endoscopia y Colonoscopia<\/option><\/select><\/span>\n<\/p>\n<p><span class=\"wpcf7-form-control-wrap\" data-name=\"your-name\"><input size=\"40\" maxlength=\"400\" class=\"wpcf7-form-control wpcf7-text wpcf7-validates-as-required\" aria-required=\"true\" aria-invalid=\"false\" placeholder=\"Tu nombre (*)\" value=\"\" type=\"text\" name=\"your-name\" \/><\/span>\n<\/p>\n<p><span class=\"wpcf7-form-control-wrap\" data-name=\"your-email\"><input size=\"40\" maxlength=\"400\" class=\"wpcf7-form-control wpcf7-email wpcf7-validates-as-required wpcf7-text wpcf7-validates-as-email\" aria-required=\"true\" aria-invalid=\"false\" placeholder=\"Tu correo (*)\" value=\"\" type=\"email\" name=\"your-email\" \/><\/span>\n<\/p>\n<p><span class=\"wpcf7-form-control-wrap\" data-name=\"your-message\"><textarea cols=\"40\" rows=\"10\" maxlength=\"2000\" class=\"wpcf7-form-control wpcf7-textarea\" aria-invalid=\"false\" placeholder=\"Tu mensaje\" name=\"your-message\"><\/textarea><\/span>\n<\/p>\n<p><input class=\"wpcf7-form-control wpcf7-submit has-spinner\" type=\"submit\" value=\"Enviar informaci\u00f3n\" \/>\n<\/p><div class=\"wpcf7-response-output\" aria-hidden=\"true\"><\/div>\n<\/form>\n<\/div>\n<\/div><\/div><\/div><\/div><i class=\"fa czico-198-cancel cz_close_popup\"><\/i><div class=\"cz_overlay\"><\/div><\/div><\/div><div id=\"cz_22400\" class=\"cz_22400 cz_title clr cz_title_pos_inline\"><div class=\"cz_title_content\"><div class=\"cz_wpe_content\"><p style=\"text-align: left;\"><span style=\"font-family: inherit; font-size: 22px;\"><span style=\"font-weight: 500; color: #96cbed;\">Adem\u00e1s ofrecemos <\/span><\/span><\/p>\n<\/div><\/div><\/div><div id=\"cz_87580\" class=\"cz_87580 cz_title clr cz_title_pos_inline\"><div class=\"cz_title_content\"><div class=\"cz_wpe_content\"><div class=\"blokparrafo\"><span class=\"text1\">Equipo completo al servicio de su empresa que consta:<\/span><\/div>\n<div class=\"blokparrafo\">\n<ul>\n<li>Medico Ocupacional<\/li>\n<li>Enfermera<\/li>\n<li>TSU en seguridad industrial<\/li>\n<\/ul>\n<p><span class=\"text1\">Se requiere un espacio f\u00edsico cerrado que ofrezca privacidad en la relaci\u00f3n medico-paciente.<br \/>\nAcceso cercano a un ba\u00f1o.<\/span><\/p>\n<\/div>\n<\/div><\/div><\/div><div class=\"cz_gap clr \" style=\"height: 30px\"><\/div>[\/vc_column][\/vc_row][vc_row full_width=\u00bbstretch_row_content\u00bb el_class=\u00bbno_padding\u00bb][vc_column]<div class=\"cz_gap clr  hide_on_tablet hide_on_mobile\" style=\"height: 70px\"><\/div><div class=\"cz_gap show_on_tablet clr \" style=\"height: 50px\"><\/div>[\/vc_column][\/vc_row][vc_row full_width=\u00bbstretch_row_content\u00bb el_class=\u00bbno_padding\u00bb][vc_column]<div class=\"cz_btn_block\"><div class=\"cz_25729_p\"><a id=\"cz_25729\" class=\"cz_25729 cz_btn cz_btn_txt_no_fx cz_btn_no_fx\" href=\"http:\/\/www.grupomedicobpro.com.ve\/sitio\/contactenos\/\"><span><i class=\"fa fa-volume-control-phone\"><\/i><strong>CONT\u00c1CTENOS AL (0241) 871.73.55<\/strong><\/span><b class=\"cz_btn_onhover\"><i class=\"fa fa-volume-control-phone\"><\/i><strong>CONT\u00c1CTENOS AL (0241) 871.73.55<\/strong><\/b><\/a><\/div><\/div>[\/vc_column][\/vc_row]<\/p>\n","protected":false},"excerpt":{"rendered":"<p>[vc_row][vc_column width=\u00bb1\/2&#8243;][\/vc_column][vc_column width=\u00bb1\/2&#8243;][\/vc_column][\/vc_row][vc_row full_width=\u00bbstretch_row_content\u00bb el_class=\u00bbno_padding\u00bb][vc_column][\/vc_column][\/vc_row][vc_row full_width=\u00bbstretch_row_content\u00bb el_class=\u00bbno_padding\u00bb][vc_column][\/vc_column][\/vc_row] &#8230; <\/p>\n","protected":false},"author":1,"featured_media":0,"parent":0,"menu_order":0,"comment_status":"closed","ping_status":"closed","template":"","meta":{"footnotes":""},"class_list":["post-714","page","type-page","status-publish","hentry"],"yoast_head":"<!-- This site is optimized with the Yoast SEO plugin v27.4 - https:\/\/yoast.com\/product\/yoast-seo-wordpress\/ -->\n<title>Imagenolog\u00eda - Grupo Medico Docente Bpro<\/title>\n<meta name=\"robots\" content=\"index, follow, max-snippet:-1, max-image-preview:large, max-video-preview:-1\" \/>\n<link rel=\"canonical\" href=\"http:\/\/www.grupomedicobpro.com.ve\/sitio\/imagenologia\/\" \/>\n<meta property=\"og:locale\" content=\"es_ES\" \/>\n<meta property=\"og:type\" content=\"article\" \/>\n<meta property=\"og:title\" content=\"Imagenolog\u00eda - Grupo Medico Docente Bpro\" \/>\n<meta property=\"og:description\" content=\"[vc_row][vc_column width=\u00bb1\/2&#8243;][\/vc_column][vc_column width=\u00bb1\/2&#8243;][\/vc_column][\/vc_row][vc_row full_width=\u00bbstretch_row_content\u00bb el_class=\u00bbno_padding\u00bb][vc_column][\/vc_column][\/vc_row][vc_row full_width=\u00bbstretch_row_content\u00bb el_class=\u00bbno_padding\u00bb][vc_column][\/vc_column][\/vc_row] ...\" \/>\n<meta property=\"og:url\" content=\"http:\/\/www.grupomedicobpro.com.ve\/sitio\/imagenologia\/\" \/>\n<meta property=\"og:site_name\" content=\"Grupo Medico Docente Bpro\" \/>\n<meta property=\"article:modified_time\" content=\"2019-06-12T06:54:55+00:00\" \/>\n<meta name=\"twitter:card\" content=\"summary_large_image\" \/>\n<meta name=\"twitter:label1\" content=\"Tiempo de lectura\" \/>\n\t<meta name=\"twitter:data1\" content=\"3 minutos\" \/>\n<script type=\"application\/ld+json\" class=\"yoast-schema-graph\">{\"@context\":\"https:\\\/\\\/schema.org\",\"@graph\":[{\"@type\":\"WebPage\",\"@id\":\"http:\\\/\\\/www.grupomedicobpro.com.ve\\\/sitio\\\/imagenologia\\\/\",\"url\":\"http:\\\/\\\/www.grupomedicobpro.com.ve\\\/sitio\\\/imagenologia\\\/\",\"name\":\"Imagenolog\u00eda - Grupo Medico Docente Bpro\",\"isPartOf\":{\"@id\":\"https:\\\/\\\/www.grupomedicobpro.com.ve\\\/sitio\\\/#website\"},\"datePublished\":\"2018-12-21T04:00:33+00:00\",\"dateModified\":\"2019-06-12T06:54:55+00:00\",\"breadcrumb\":{\"@id\":\"http:\\\/\\\/www.grupomedicobpro.com.ve\\\/sitio\\\/imagenologia\\\/#breadcrumb\"},\"inLanguage\":\"es\",\"potentialAction\":[{\"@type\":\"ReadAction\",\"target\":[\"http:\\\/\\\/www.grupomedicobpro.com.ve\\\/sitio\\\/imagenologia\\\/\"]}]},{\"@type\":\"BreadcrumbList\",\"@id\":\"http:\\\/\\\/www.grupomedicobpro.com.ve\\\/sitio\\\/imagenologia\\\/#breadcrumb\",\"itemListElement\":[{\"@type\":\"ListItem\",\"position\":1,\"name\":\"Portada\",\"item\":\"https:\\\/\\\/www.grupomedicobpro.com.ve\\\/sitio\\\/\"},{\"@type\":\"ListItem\",\"position\":2,\"name\":\"Imagenolog\u00eda\"}]},{\"@type\":\"WebSite\",\"@id\":\"https:\\\/\\\/www.grupomedicobpro.com.ve\\\/sitio\\\/#website\",\"url\":\"https:\\\/\\\/www.grupomedicobpro.com.ve\\\/sitio\\\/\",\"name\":\"Grupo Medico Docente Bpro\",\"description\":\"@grupomedicobpro\",\"potentialAction\":[{\"@type\":\"SearchAction\",\"target\":{\"@type\":\"EntryPoint\",\"urlTemplate\":\"https:\\\/\\\/www.grupomedicobpro.com.ve\\\/sitio\\\/?s={search_term_string}\"},\"query-input\":{\"@type\":\"PropertyValueSpecification\",\"valueRequired\":true,\"valueName\":\"search_term_string\"}}],\"inLanguage\":\"es\"}]}<\/script>\n<!-- \/ Yoast SEO plugin. -->","yoast_head_json":{"title":"Imagenolog\u00eda - Grupo Medico Docente Bpro","robots":{"index":"index","follow":"follow","max-snippet":"max-snippet:-1","max-image-preview":"max-image-preview:large","max-video-preview":"max-video-preview:-1"},"canonical":"http:\/\/www.grupomedicobpro.com.ve\/sitio\/imagenologia\/","og_locale":"es_ES","og_type":"article","og_title":"Imagenolog\u00eda - Grupo Medico Docente Bpro","og_description":"[vc_row][vc_column width=\u00bb1\/2&#8243;][\/vc_column][vc_column width=\u00bb1\/2&#8243;][\/vc_column][\/vc_row][vc_row full_width=\u00bbstretch_row_content\u00bb el_class=\u00bbno_padding\u00bb][vc_column][\/vc_column][\/vc_row][vc_row full_width=\u00bbstretch_row_content\u00bb el_class=\u00bbno_padding\u00bb][vc_column][\/vc_column][\/vc_row] ...","og_url":"http:\/\/www.grupomedicobpro.com.ve\/sitio\/imagenologia\/","og_site_name":"Grupo Medico Docente Bpro","article_modified_time":"2019-06-12T06:54:55+00:00","twitter_card":"summary_large_image","twitter_misc":{"Tiempo de lectura":"3 minutos"},"schema":{"@context":"https:\/\/schema.org","@graph":[{"@type":"WebPage","@id":"http:\/\/www.grupomedicobpro.com.ve\/sitio\/imagenologia\/","url":"http:\/\/www.grupomedicobpro.com.ve\/sitio\/imagenologia\/","name":"Imagenolog\u00eda - Grupo Medico Docente Bpro","isPartOf":{"@id":"https:\/\/www.grupomedicobpro.com.ve\/sitio\/#website"},"datePublished":"2018-12-21T04:00:33+00:00","dateModified":"2019-06-12T06:54:55+00:00","breadcrumb":{"@id":"http:\/\/www.grupomedicobpro.com.ve\/sitio\/imagenologia\/#breadcrumb"},"inLanguage":"es","potentialAction":[{"@type":"ReadAction","target":["http:\/\/www.grupomedicobpro.com.ve\/sitio\/imagenologia\/"]}]},{"@type":"BreadcrumbList","@id":"http:\/\/www.grupomedicobpro.com.ve\/sitio\/imagenologia\/#breadcrumb","itemListElement":[{"@type":"ListItem","position":1,"name":"Portada","item":"https:\/\/www.grupomedicobpro.com.ve\/sitio\/"},{"@type":"ListItem","position":2,"name":"Imagenolog\u00eda"}]},{"@type":"WebSite","@id":"https:\/\/www.grupomedicobpro.com.ve\/sitio\/#website","url":"https:\/\/www.grupomedicobpro.com.ve\/sitio\/","name":"Grupo Medico Docente Bpro","description":"@grupomedicobpro","potentialAction":[{"@type":"SearchAction","target":{"@type":"EntryPoint","urlTemplate":"https:\/\/www.grupomedicobpro.com.ve\/sitio\/?s={search_term_string}"},"query-input":{"@type":"PropertyValueSpecification","valueRequired":true,"valueName":"search_term_string"}}],"inLanguage":"es"}]}},"_links":{"self":[{"href":"http:\/\/www.grupomedicobpro.com.ve\/sitio\/wp-json\/wp\/v2\/pages\/714","targetHints":{"allow":["GET"]}}],"collection":[{"href":"http:\/\/www.grupomedicobpro.com.ve\/sitio\/wp-json\/wp\/v2\/pages"}],"about":[{"href":"http:\/\/www.grupomedicobpro.com.ve\/sitio\/wp-json\/wp\/v2\/types\/page"}],"author":[{"embeddable":true,"href":"http:\/\/www.grupomedicobpro.com.ve\/sitio\/wp-json\/wp\/v2\/users\/1"}],"replies":[{"embeddable":true,"href":"http:\/\/www.grupomedicobpro.com.ve\/sitio\/wp-json\/wp\/v2\/comments?post=714"}],"version-history":[{"count":13,"href":"http:\/\/www.grupomedicobpro.com.ve\/sitio\/wp-json\/wp\/v2\/pages\/714\/revisions"}],"predecessor-version":[{"id":853,"href":"http:\/\/www.grupomedicobpro.com.ve\/sitio\/wp-json\/wp\/v2\/pages\/714\/revisions\/853"}],"wp:attachment":[{"href":"http:\/\/www.grupomedicobpro.com.ve\/sitio\/wp-json\/wp\/v2\/media?parent=714"}],"curies":[{"name":"wp","href":"https:\/\/api.w.org\/{rel}","templated":true}]}}